{"id":3,"date":"2025-12-08T16:34:43","date_gmt":"2025-12-08T16:34:43","guid":{"rendered":"https:\/\/afkgroup.dk\/?page_id=3"},"modified":"2025-12-10T21:53:47","modified_gmt":"2025-12-10T21:53:47","slug":"privacy-policy","status":"publish","type":"page","link":"https:\/\/afkgroup.dk\/index.php\/privacy-policy\/","title":{"rendered":"Privatlivs- og cookiepolitik"},"content":{"rendered":"\n<h1 class=\"wp-block-heading\"><\/h1>\n\n\n\n<h2 class=\"wp-block-heading\">Dataansvarlig<\/h2>\n\n\n\n<p>Vi er dataansvarlig for behandlingen af de personoplysninger, som vi behandler om vores kunder og samarbejdspartnere. Du finder vores kontaktoplysninger nedenfor.<\/p>\n\n\n\n<p><strong>AFK Group ApS<\/strong><br><strong>Litauen All\u00e9 13<\/strong><br><strong>2630 Taastrup<\/strong><\/p>\n\n\n\n<p><strong>CVR-nr.: 37683159<\/strong><\/p>\n\n\n\n<p>Det er ikke et krav, at vores virksomhed har en ekstern DPO, men hvis du har sp\u00f8rgsm\u00e5l til behandlingen af dine personoplysninger, s\u00e5 kan du kontakte os via:<br><strong><a>Info@afkgroup.dk<\/a><\/strong><br>Telefon: <strong>+45 60 29 47 41<\/strong><\/p>\n\n\n\n<hr class=\"wp-block-separator has-alpha-channel-opacity\"\/>\n\n\n\n<h2 class=\"wp-block-heading\">Behandlingsaktiviteter<\/h2>\n\n\n\n<p>Som dataansvarlig jf. GDPR, s\u00e5 har vi f\u00f8lgende behandlingsaktiviteter.<\/p>\n\n\n\n<hr class=\"wp-block-separator has-alpha-channel-opacity\"\/>\n\n\n\n<h2 class=\"wp-block-heading\">Bes\u00f8g p\u00e5 hjemmeside<\/h2>\n\n\n\n<p>N\u00e5r du bes\u00f8ger vores hjemmeside, s\u00e5 anvender vi cookies for at hjemmesiden kan fungere. Vi kan ogs\u00e5 anvende cookies til at forbedre brugeroplevelsen og m\u00e5le trafik p\u00e5 siden, hvis dette er aktiveret.<\/p>\n\n\n\n<p>Du kan l\u00e6se mere i vores cookie- og privatlivspolitik her:<br><strong>Cookie- og privatlivspolitik<\/strong><\/p>\n\n\n\n<hr class=\"wp-block-separator has-alpha-channel-opacity\"\/>\n\n\n\n<h2 class=\"wp-block-heading\">Kommunikation med potentielle kunder<\/h2>\n\n\n\n<p>N\u00e5r du har sp\u00f8rgsm\u00e5l til vores side, eller \u00f8nsker at h\u00f8re mere om vores services, s\u00e5 kan du kontakte os via:<\/p>\n\n\n\n<ul class=\"wp-block-list\">\n<li>Kontaktformular<\/li>\n\n\n\n<li>Email<\/li>\n\n\n\n<li>Telefon<\/li>\n<\/ul>\n\n\n\n<p>Herigennem vil vi behandle dine personoplysninger, s\u00e5 vi kan indg\u00e5 i en dialog med dig, fx svare p\u00e5 sp\u00f8rgsm\u00e5l om vores ydelser. Vi behandler kun den information, som du giver os i forbindelse med vores kommunikation.<\/p>\n\n\n\n<p>Vi vil typisk behandle f\u00f8lgende almindelige oplysninger: navn, email, telefonnummer.<\/p>\n\n\n\n<p>Vores hjemmel til at behandle disse personoplysninger er databeskyttelsesforordningens artikel 6, stk. 1 litra f.<\/p>\n\n\n\n<p>Vi sletter vores kommunikation med dig, n\u00e5r det st\u00e5r klart om du \u00f8nsker vores ydelser eller ej.<\/p>\n\n\n\n<p>Skulle der i et s\u00e6rligt tilf\u00e6lde opst\u00e5 et behov for at opbevare dine personoplysninger i l\u00e6ngere tid, s\u00e5 vil dette kunne v\u00e6re tilf\u00e6ldet.<\/p>\n\n\n\n<hr class=\"wp-block-separator has-alpha-channel-opacity\"\/>\n\n\n\n<h2 class=\"wp-block-heading\">Kunder<\/h2>\n\n\n\n<p>Vi har behov for at kommunikere med vores kunder, s\u00e5 vi sikrer os, at ydelsen leveres korrekt. Herigennem kan vi behandle oplysninger om navn, adresse, ydelser, s\u00e6rlige aftaler, betalingsinformationer og lignende.<\/p>\n\n\n\n<p>Hjemlen til at behandle disse personoplysninger er databeskyttelsesforordningens artikel 6, stk. 1 litra b.<\/p>\n\n\n\n<p>N\u00e5r ydelsen er leveret og eventuelle udest\u00e5ende er afsluttede, s\u00e5 vil vi umiddelbart herefter slette personoplysningerne, medmindre vi er forpligtet til at opbevare oplysningerne l\u00e6ngere, fx i forbindelse med bogf\u00f8ring.<\/p>\n\n\n\n<hr class=\"wp-block-separator has-alpha-channel-opacity\"\/>\n\n\n\n<h2 class=\"wp-block-heading\">Bogf\u00f8ring<\/h2>\n\n\n\n<p>Vi skal gemme alle regnskabsbilag jf. bogf\u00f8ringsloven. Det betyder, at vi gemmer fakturaer og lignende bilag til brug for regnskabsf\u00f8ring. Heraf kan der fremg\u00e5 almindelige personoplysninger som navn, adresse, ydelsesbeskrivelse.<\/p>\n\n\n\n<p>Vores hjemmel til at behandle personoplysninger til bogf\u00f8ringen er databeskyttelsesforordningens artikel 6, stk. 1 litra c.<\/p>\n\n\n\n<p>Vi opbevarer disse oplysninger i minimum 5 \u00e5r efter, at indev\u00e6rende regnskabs\u00e5r er afsluttet.<\/p>\n\n\n\n<hr class=\"wp-block-separator has-alpha-channel-opacity\"\/>\n\n\n\n<h2 class=\"wp-block-heading\">Jobans\u00f8gninger <em>(fremadrettet)<\/em><\/h2>\n\n\n\n<p>Vi \u00f8nsker p\u00e5 sigt at kunne modtage jobans\u00f8gninger med henblik p\u00e5 at vurdere, om de matcher et ans\u00e6ttelsesbehov i vores virksomhed.<\/p>\n\n\n\n<p>Hvis du p\u00e5 et tidspunkt sender en jobans\u00f8gning til os, vil vores hjemmel til at behandle dine personoplysninger v\u00e6re databeskyttelsesforordningens artikel 6, stk. 1 litra f.<\/p>\n\n\n\n<p>Vi vil i den forbindelse behandle almindelige personoplysninger som navn, kontaktoplysninger, CV, ans\u00f8gning og eventuelle bilag.<\/p>\n\n\n\n<p>Hvis du har sendt en uopfordret ans\u00f8gning, vil vi vurdere om din ans\u00f8gning er relevant, og herefter slette dine oplysninger igen, hvis der ikke er et match.<\/p>\n\n\n\n<p>Hvis du har sendt en ans\u00f8gning til et opsl\u00e5et job, vil vi bortskaffe din ans\u00f8gning i det tilf\u00e6lde, at du ikke ans\u00e6ttes, og umiddelbart efter at den rette kandidat er fundet til jobbet.<\/p>\n\n\n\n<p>Hvis du indg\u00e5r i et rekrutteringsforl\u00f8b og\/eller ans\u00e6ttes til jobbet, vil vi give dig s\u00e6rskilt information om, hvordan vi behandler dine personoplysninger i denne forbindelse.<\/p>\n\n\n\n<hr class=\"wp-block-separator has-alpha-channel-opacity\"\/>\n\n\n\n<h2 class=\"wp-block-heading\">Databehandlere<\/h2>\n\n\n\n<p>F\u00e5 kan klare alt selv, og det samme g\u00e6lder os. Vi har derfor samarbejdspartnere samt benytter os af leverand\u00f8rer, hvoraf nogle kan v\u00e6re databehandlere.<\/p>\n\n\n\n<p>Vi benytter blandt andet:<\/p>\n\n\n\n<ul class=\"wp-block-list\">\n<li><strong>Nordicway.dk<\/strong> \u2013 hosting af hjemmeside<\/li>\n<\/ul>\n\n\n\n<p>Hvis vi anvender analyse- eller cookie-l\u00f8sninger, vil disse fremg\u00e5 af vores cookieops\u00e6tning\/consent-l\u00f8sning p\u00e5 hjemmesiden.<\/p>\n\n\n\n<p>Det er vores ansvar at sikre, at dine personoplysninger behandles ordentligt. Derfor stiller vi h\u00f8je krav til vores samarbejdspartnere, og vores partnere skal garantere, at dine personoplysninger er beskyttet.<\/p>\n\n\n\n<p>Vi indg\u00e5r derfor aftaler herom med virksomheder (databehandlere), der h\u00e5ndterer personoplysninger p\u00e5 vores vegne for at h\u00f8jne sikkerheden af dine personoplysninger.<\/p>\n\n\n\n<hr class=\"wp-block-separator has-alpha-channel-opacity\"\/>\n\n\n\n<h2 class=\"wp-block-heading\">Videregivelse af personoplysninger<\/h2>\n\n\n\n<p>Vi videregiver ikke dine personoplysninger til tredjemand.<\/p>\n\n\n\n<hr class=\"wp-block-separator has-alpha-channel-opacity\"\/>\n\n\n\n<h2 class=\"wp-block-heading\">Profilering og automatiserede afg\u00f8relser<\/h2>\n\n\n\n<p>Vi foretager ikke profilering eller automatiserede afg\u00f8relser.<\/p>\n\n\n\n<hr class=\"wp-block-separator has-alpha-channel-opacity\"\/>\n\n\n\n<h2 class=\"wp-block-heading\">Tredjelandeoverf\u00f8rsler<\/h2>\n\n\n\n<p>Vi benytter som udgangspunkt databehandlere i EU\/E\u00d8S, eller som opbevarer data i EU\/E\u00d8S.<\/p>\n\n\n\n<p>I nogle tilf\u00e6lde er dette ikke muligt, og her kan der benyttes databehandlere udenfor EU\/E\u00d8S, hvis disse kan give dine personoplysninger en passende beskyttelse.<\/p>\n\n\n\n<hr class=\"wp-block-separator has-alpha-channel-opacity\"\/>\n\n\n\n<h2 class=\"wp-block-heading\">Behandlingssikkerhed<\/h2>\n\n\n\n<p>Vi holder behandlingen af personoplysninger sikker ved at have indf\u00f8rt passende tekniske og organisatoriske foranstaltninger.<\/p>\n\n\n\n<p>Vi har lavet risikovurderinger af vores behandling af personoplysninger, og har herefter indf\u00f8rt passende tekniske og organisatoriske foranstaltninger for at \u00f8ge behandlingssikkerheden.<\/p>\n\n\n\n<hr class=\"wp-block-separator has-alpha-channel-opacity\"\/>\n\n\n\n<h2 class=\"wp-block-heading\">De registreredes rettigheder<\/h2>\n\n\n\n<p>Du har efter databeskyttelsesforordningen en r\u00e6kke rettigheder i forhold til vores behandling af oplysninger om dig.<\/p>\n\n\n\n<p>Hvis du vil g\u00f8re brug af dine rettigheder, skal du kontakte os, s\u00e5 vi kan hj\u00e6lpe dig med dette.<\/p>\n\n\n\n<p>Du kan l\u00e6se mere om dine rettigheder i Datatilsynets vejledning om de registreredes rettigheder.<\/p>\n\n\n\n<hr class=\"wp-block-separator has-alpha-channel-opacity\"\/>\n\n\n\n<h2 class=\"wp-block-heading\">Tilbagetr\u00e6kning af samtykke<\/h2>\n\n\n\n<p>N\u00e5r vores behandling af dine personoplysninger er baseret p\u00e5 dit samtykke, s\u00e5 har du ret til at tr\u00e6kke dit samtykke tilbage.<\/p>\n\n\n\n<hr class=\"wp-block-separator has-alpha-channel-opacity\"\/>\n\n\n\n<h2 class=\"wp-block-heading\">Klage til Datatilsynet<\/h2>\n\n\n\n<p>Du har ret til at indgive en klage til Datatilsynet, hvis du er utilfreds med den m\u00e5de, vi behandler dine personoplysninger p\u00e5. Du finder Datatilsynets kontaktoplysninger p\u00e5 Datatilsynets hjemmeside.<\/p>\n\n\n\n<hr class=\"wp-block-separator has-alpha-channel-opacity\"\/>\n\n\n\n<h2 class=\"wp-block-heading\">\u00c6ndringer<\/h2>\n\n\n\n<p>Vi kan l\u00f8bende opdatere denne privatlivs- og cookiepolitik, hvis vores behandlinger \u00e6ndrer sig, eller hvis lovgivningen kr\u00e6ver det.<\/p>\n","protected":false},"excerpt":{"rendered":"<p>Dataansvarlig Vi er dataansvarlig for behandlingen af de personoplysninger, som vi behandler om vores kunder og samarbejdspartnere. Du finder vores kontaktoplysninger nedenfor. AFK Group ApSLitauen All\u00e9 132630 Taastrup CVR-nr.: 37683159 Det er ikke et krav, at vores virksomhed har en ekstern DPO, men hvis du har sp\u00f8rgsm\u00e5l til behandlingen af dine personoplysninger, s\u00e5 kan du &hellip; <\/p>\n<p class=\"link-more\"><a href=\"https:\/\/afkgroup.dk\/index.php\/privacy-policy\/\" class=\"more-link\">L\u00e6s mere<span class=\"screen-reader-text\"> \u201cPrivatlivs- og cookiepolitik\u201d<\/span><\/a><\/p>\n","protected":false},"author":1,"featured_media":0,"parent":0,"menu_order":0,"comment_status":"closed","ping_status":"closed","template":"","meta":{"footnotes":""},"class_list":["post-3","page","type-page","status-publish","hentry"],"_links":{"self":[{"href":"https:\/\/afkgroup.dk\/index.php\/wp-json\/wp\/v2\/pages\/3","targetHints":{"allow":["GET"]}}],"collection":[{"href":"https:\/\/afkgroup.dk\/index.php\/wp-json\/wp\/v2\/pages"}],"about":[{"href":"https:\/\/afkgroup.dk\/index.php\/wp-json\/wp\/v2\/types\/page"}],"author":[{"embeddable":true,"href":"https:\/\/afkgroup.dk\/index.php\/wp-json\/wp\/v2\/users\/1"}],"replies":[{"embeddable":true,"href":"https:\/\/afkgroup.dk\/index.php\/wp-json\/wp\/v2\/comments?post=3"}],"version-history":[{"count":2,"href":"https:\/\/afkgroup.dk\/index.php\/wp-json\/wp\/v2\/pages\/3\/revisions"}],"predecessor-version":[{"id":136,"href":"https:\/\/afkgroup.dk\/index.php\/wp-json\/wp\/v2\/pages\/3\/revisions\/136"}],"wp:attachment":[{"href":"https:\/\/afkgroup.dk\/index.php\/wp-json\/wp\/v2\/media?parent=3"}],"curies":[{"name":"wp","href":"https:\/\/api.w.org\/{rel}","templated":true}]}}