{"id":24,"date":"2025-12-09T16:16:44","date_gmt":"2025-12-09T16:16:44","guid":{"rendered":"https:\/\/afkgroup.dk\/?page_id=24"},"modified":"2025-12-10T21:11:19","modified_gmt":"2025-12-10T21:11:19","slug":"homepage","status":"publish","type":"page","link":"https:\/\/afkgroup.dk\/","title":{"rendered":"Homepage"},"content":{"rendered":"\n<div class=\"wp-block-group has-global-padding is-layout-constrained wp-block-group-is-layout-constrained\">\n<div style=\"height:57px\" aria-hidden=\"true\" class=\"wp-block-spacer\"><\/div>\n\n\n\n<h2 class=\"wp-block-heading has-text-align-center has-medium-font-size\" style=\"letter-spacing:1px\">Hjertestartere t\u00e6ttere p\u00e5 borgerne<\/h2>\n\n\n\n<p class=\"has-text-align-center\">Hjertestop sker sj\u00e6ldent \u201cdet rigtige sted\u201d. Derfor giver det mening at t\u00e6nke mobilt. Med en hjertestarter i hjemmeplejens biler udvider kommunen sin d\u00e6kning i hele lokalomr\u00e5det \u2013 ogs\u00e5 i villakvarterer, landzoner og steder uden fast opsat udstyr.<\/p>\n\n\n\n<p class=\"has-text-align-center\">AFK Group hj\u00e6lper med en komplet l\u00f8sning: r\u00e5dgivning, levering, montering, skiltning og en driftspakke, der g\u00f8r det nemt at holde styr p\u00e5 batteri, elektroder og serviceintervaller.<\/p>\n\n\n\n<div style=\"height:57px\" aria-hidden=\"true\" class=\"wp-block-spacer\"><\/div>\n<\/div>\n\n\n\n<div id=\"services\" class=\"wp-block-group alignfull pattern_multiple_covers has-background has-global-padding is-layout-constrained wp-block-group-is-layout-constrained\">\n<p class=\"has-text-align-left has-secondary-color has-text-color\" style=\"letter-spacing:1px\"><\/p>\n\n\n\n<h2 class=\"wp-block-heading has-text-align-left\">Vores Services<\/h2>\n\n\n\n<p class=\"has-text-align-left\">Vi matcher model, funktioner og budget til jeres behov og sikrer en l\u00f8sning, der er robust, brugervenlig og egnet til daglig drift i kommunale k\u00f8ret\u00f8jer.<\/p>\n\n\n\n<div class=\"wp-block-columns is-layout-flex wp-container-core-columns-is-layout-28f84493 wp-block-columns-is-layout-flex\">\n<div class=\"wp-block-column is-layout-flow wp-block-column-is-layout-flow\" style=\"padding-top:0;padding-right:0;padding-bottom:0;padding-left:0\">\n<div class=\"wp-block-cover has-custom-content-position is-position-bottom-left\" style=\"padding-top:var(--wp--preset--spacing--small);padding-right:var(--wp--preset--spacing--x-small);padding-bottom:var(--wp--preset--spacing--small);padding-left:var(--wp--preset--spacing--x-small)\"><img loading=\"lazy\" decoding=\"async\" width=\"1024\" height=\"683\" class=\"wp-block-cover__image-background wp-image-110 size-large\" alt=\"\" src=\"https:\/\/afkgroup.dk\/wp-content\/uploads\/2025\/12\/Flaade2-1024x683.png\" data-object-fit=\"cover\" srcset=\"https:\/\/afkgroup.dk\/wp-content\/uploads\/2025\/12\/Flaade2-1024x683.png 1024w, https:\/\/afkgroup.dk\/wp-content\/uploads\/2025\/12\/Flaade2-300x200.png 300w, https:\/\/afkgroup.dk\/wp-content\/uploads\/2025\/12\/Flaade2.png 1536w\" sizes=\"auto, (max-width: 1024px) 100vw, 1024px\" \/><span aria-hidden=\"true\" class=\"wp-block-cover__background has-primary-background-color has-background-dim-30 has-background-dim\"><\/span><div class=\"wp-block-cover__inner-container is-layout-flow wp-block-cover-is-layout-flow\">\n<h3 class=\"wp-block-heading has-white-color has-text-color has-medium-font-size\" style=\"margin-top:0;margin-right:0;margin-bottom:0;margin-left:0\">Hjertestartere til kommunale fl\u00e5der<\/h3>\n\n\n\n<p class=\"has-white-color has-text-color has-link-color wp-elements-6ea75a1c23d02f88ee37568af3d9c6ff\" style=\"margin-top:0;margin-right:0;margin-bottom:0;margin-left:0\">Vi matcher model, funktioner og budget til jeres behov og sikrer en l\u00f8sning, der er robust, brugervenlig og egnet til daglig drift i kommunale k\u00f8ret\u00f8jer.<\/p>\n<\/div><\/div>\n<\/div>\n\n\n\n<div class=\"wp-block-column is-layout-flow wp-block-column-is-layout-flow\" style=\"padding-top:0;padding-right:0;padding-bottom:0;padding-left:0\">\n<div class=\"wp-block-cover has-custom-content-position is-position-bottom-left\" style=\"padding-top:var(--wp--preset--spacing--small);padding-right:var(--wp--preset--spacing--x-small);padding-bottom:var(--wp--preset--spacing--small);padding-left:var(--wp--preset--spacing--x-small)\"><img loading=\"lazy\" decoding=\"async\" width=\"1024\" height=\"683\" class=\"wp-block-cover__image-background wp-image-108 size-large\" alt=\"\" src=\"https:\/\/afkgroup.dk\/wp-content\/uploads\/2025\/12\/Montering-1024x683.png\" data-object-fit=\"cover\" srcset=\"https:\/\/afkgroup.dk\/wp-content\/uploads\/2025\/12\/Montering-1024x683.png 1024w, https:\/\/afkgroup.dk\/wp-content\/uploads\/2025\/12\/Montering-300x200.png 300w, https:\/\/afkgroup.dk\/wp-content\/uploads\/2025\/12\/Montering.png 1536w\" sizes=\"auto, (max-width: 1024px) 100vw, 1024px\" \/><span aria-hidden=\"true\" class=\"wp-block-cover__background has-primary-background-color has-background-dim-30 has-background-dim\"><\/span><div class=\"wp-block-cover__inner-container is-layout-flow wp-block-cover-is-layout-flow\">\n<h3 class=\"wp-block-heading has-white-color has-text-color has-medium-font-size\" style=\"margin-top:0;margin-right:0;margin-bottom:0;margin-left:0\">Montering i hjemmeplejebiler<\/h3>\n\n\n\n<p class=\"has-white-color has-text-color has-link-color wp-elements-9029eb888896b9c8b1d6881cc10c497d\" style=\"margin-top:0;margin-right:0;margin-bottom:0;margin-left:0\">Sikker og professionel montering med fokus p\u00e5 synlig placering, stabil fastg\u00f8relse og enkel adgang. Vi kan standardisere ops\u00e6tningen p\u00e5 tv\u00e6rs af hele fl\u00e5den.<\/p>\n<\/div><\/div>\n<\/div>\n\n\n\n<div class=\"wp-block-column is-layout-flow wp-block-column-is-layout-flow\" style=\"padding-top:0;padding-right:0;padding-bottom:0;padding-left:0\">\n<div class=\"wp-block-cover has-custom-content-position is-position-bottom-left\" style=\"padding-top:var(--wp--preset--spacing--small);padding-right:var(--wp--preset--spacing--x-small);padding-bottom:var(--wp--preset--spacing--small);padding-left:var(--wp--preset--spacing--x-small)\"><img loading=\"lazy\" decoding=\"async\" width=\"1024\" height=\"683\" class=\"wp-block-cover__image-background wp-image-112 size-large\" alt=\"\" src=\"https:\/\/afkgroup.dk\/wp-content\/uploads\/2025\/12\/Service-1024x683.png\" data-object-fit=\"cover\" srcset=\"https:\/\/afkgroup.dk\/wp-content\/uploads\/2025\/12\/Service-1024x683.png 1024w, https:\/\/afkgroup.dk\/wp-content\/uploads\/2025\/12\/Service-300x200.png 300w, https:\/\/afkgroup.dk\/wp-content\/uploads\/2025\/12\/Service.png 1536w\" sizes=\"auto, (max-width: 1024px) 100vw, 1024px\" \/><span aria-hidden=\"true\" class=\"wp-block-cover__background has-primary-background-color has-background-dim-30 has-background-dim\"><\/span><div class=\"wp-block-cover__inner-container is-layout-flow wp-block-cover-is-layout-flow\">\n<h3 class=\"wp-block-heading has-white-color has-text-color has-medium-font-size\" style=\"margin-top:0;margin-right:0;margin-bottom:0;margin-left:0\">Service, udskiftning og driftsstyring<\/h3>\n\n\n\n<p class=\"has-white-color has-text-color has-link-color wp-elements-5edfe5921e9324f5897275d4e131d2fe\" style=\"margin-top:0;margin-right:0;margin-bottom:0;margin-left:0\">En hjertestarter er kun v\u00e6rdifuld, hvis den altid er klar. Vi tilbyder faste serviceaftaler og p\u00e5mindelser, s\u00e5 udskiftning af elektroder og batteri aldrig bliver overset.<\/p>\n<\/div><\/div>\n<\/div>\n<\/div>\n\n\n\n<div style=\"height:103px\" aria-hidden=\"true\" class=\"wp-block-spacer\"><\/div>\n<\/div>\n\n\n\n<div class=\"wp-block-group alignfull has-global-padding is-layout-constrained wp-block-group-is-layout-constrained\">\n<div class=\"wp-block-group has-global-padding is-layout-constrained wp-block-group-is-layout-constrained\" style=\"padding-top:var(--wp--preset--spacing--small);padding-bottom:var(--wp--preset--spacing--small)\">\n<div style=\"height:30px\" aria-hidden=\"true\" class=\"wp-block-spacer\"><\/div>\n\n\n\n<div class=\"wp-block-columns is-layout-flex wp-container-core-columns-is-layout-c375d253 wp-block-columns-is-layout-flex\">\n<div class=\"wp-block-column is-vertically-aligned-center is-layout-flow wp-block-column-is-layout-flow\">\n<h2 class=\"wp-block-heading has-medium-font-size\" style=\"text-transform:uppercase\">Kommunale l\u00f8sninger, der virker i praksis<\/h2>\n\n\n\n<p>AFK Group arbejder m\u00e5lrettet med l\u00f8sninger, der kan implementeres hurtigt og driftes enkelt. Vi forst\u00e5r hverdagen i hjemmeplejen og kommunens krav til dokumentation, ensartede standarder og budgetstyring.<\/p>\n\n\n\n<p>Vores m\u00e5l er at g\u00f8re det nemt for jer at \u00f8ge beredskabet \u2013 uden at det f\u00f8les som endnu et projekt, der lander p\u00e5 en i forvejen travl organisation.<\/p>\n\n\n\n<p><\/p>\n<\/div>\n\n\n\n<div class=\"wp-block-column is-layout-flow wp-block-column-is-layout-flow\">\n<figure class=\"wp-block-image size-large\"><img loading=\"lazy\" decoding=\"async\" width=\"1024\" height=\"683\" src=\"https:\/\/afkgroup.dk\/wp-content\/uploads\/2025\/12\/Loesninger-1024x683.png\" alt=\"\" class=\"wp-image-114\" srcset=\"https:\/\/afkgroup.dk\/wp-content\/uploads\/2025\/12\/Loesninger-1024x683.png 1024w, https:\/\/afkgroup.dk\/wp-content\/uploads\/2025\/12\/Loesninger-300x200.png 300w, https:\/\/afkgroup.dk\/wp-content\/uploads\/2025\/12\/Loesninger.png 1536w\" sizes=\"auto, (max-width: 1024px) 100vw, 1024px\" \/><\/figure>\n<\/div>\n<\/div>\n\n\n\n<div style=\"height:30px\" aria-hidden=\"true\" class=\"wp-block-spacer\"><\/div>\n<\/div>\n<\/div>\n\n\n\n<div class=\"wp-block-group alignfull has-background has-global-padding is-layout-constrained wp-block-group-is-layout-constrained\">\n<div class=\"wp-block-group has-global-padding is-layout-constrained wp-block-group-is-layout-constrained\" style=\"padding-top:var(--wp--preset--spacing--small);padding-bottom:var(--wp--preset--spacing--small)\">\n<div style=\"height:30px\" aria-hidden=\"true\" class=\"wp-block-spacer\"><\/div>\n\n\n\n<div class=\"wp-block-columns are-vertically-aligned-center is-layout-flex wp-container-core-columns-is-layout-c375d253 wp-block-columns-is-layout-flex\">\n<div class=\"wp-block-column is-vertically-aligned-center is-layout-flow wp-block-column-is-layout-flow\">\n<figure class=\"wp-block-image size-large\"><img loading=\"lazy\" decoding=\"async\" width=\"1024\" height=\"683\" src=\"https:\/\/afkgroup.dk\/wp-content\/uploads\/2025\/12\/Tilgang-1-1024x683.png\" alt=\"\" class=\"wp-image-116\" srcset=\"https:\/\/afkgroup.dk\/wp-content\/uploads\/2025\/12\/Tilgang-1-1024x683.png 1024w, https:\/\/afkgroup.dk\/wp-content\/uploads\/2025\/12\/Tilgang-1-300x200.png 300w, https:\/\/afkgroup.dk\/wp-content\/uploads\/2025\/12\/Tilgang-1.png 1536w\" sizes=\"auto, (max-width: 1024px) 100vw, 1024px\" \/><\/figure>\n<\/div>\n\n\n\n<div class=\"wp-block-column is-vertically-aligned-center is-layout-flow wp-block-column-is-layout-flow\">\n<h2 class=\"wp-block-heading has-medium-font-size\" style=\"text-transform:uppercase\">Vores tilgang<\/h2>\n\n\n\n<p>Vi bygger l\u00f8sninger ud fra tre principper:<\/p>\n\n\n\n<p><strong>Skalerbarhed<\/strong> \u2013 samme l\u00f8sning uanset om I har 10 eller 200 biler.<\/p>\n\n\n\n<p><strong>Synlighed og tilg\u00e6ngelighed<\/strong> \u2013 udstyret skal v\u00e6re nemt at finde og hurtigt at anvende.<\/p>\n\n\n\n<p><strong>Driftssikkerhed<\/strong> \u2013 systematik omkring service, batteri og elektroder.<\/p>\n<\/div>\n<\/div>\n\n\n\n<div style=\"height:30px\" aria-hidden=\"true\" class=\"wp-block-spacer\"><\/div>\n<\/div>\n<\/div>\n\n\n\n<div id=\"partners\" class=\"wp-block-group has-global-padding is-content-justification-center is-layout-constrained wp-container-core-group-is-layout-dc06fb1d wp-block-group-is-layout-constrained\">\n<div class=\"wp-block-group has-global-padding is-content-justification-left is-layout-constrained wp-container-core-group-is-layout-5d29898d wp-block-group-is-layout-constrained\" style=\"padding-top:0px;padding-right:0;padding-bottom:var(--wp--preset--spacing--small);padding-left:0\">\n<div class=\"wp-block-columns is-layout-flex wp-container-core-columns-is-layout-28f84493 wp-block-columns-is-layout-flex\">\n<div class=\"wp-block-column is-layout-flow wp-block-column-is-layout-flow\" style=\"flex-basis:60%\">\n<div style=\"height:20px\" aria-hidden=\"true\" class=\"wp-block-spacer\"><\/div>\n\n\n\n<h2 class=\"wp-block-heading has-text-align-left\">Vores samarbejdes partner<\/h2>\n\n\n\n<p class=\"has-text-align-left has-tertiary-color has-text-color\"><\/p>\n<\/div>\n\n\n\n<div class=\"wp-block-column is-layout-flow wp-block-column-is-layout-flow\" style=\"flex-basis:40%\"><\/div>\n<\/div>\n<\/div>\n\n\n\n<div class=\"wp-block-group has-global-padding is-layout-constrained wp-block-group-is-layout-constrained\">\n<div class=\"wp-block-columns are-vertically-aligned-center is-layout-flex wp-container-core-columns-is-layout-28f84493 wp-block-columns-is-layout-flex\">\n<div class=\"wp-block-column is-vertically-aligned-center is-layout-flow wp-block-column-is-layout-flow\" style=\"flex-basis:20%\">\n<div class=\"wp-block-outermost-icon-block items-justified-center\"><div class=\"icon-container\" style=\"width:105px;transform:rotate(0deg) scaleX(1) scaleY(1)\"><svg viewBox=\"0 0 24 24\" xmlns=\"http:\/\/www.w3.org\/2000\/svg\" aria-hidden=\"true\"><path d=\"m6.6 15.6-1.2.8c.6.9 1.3 1.6 2.2 2.2l.8-1.2c-.7-.5-1.3-1.1-1.8-1.8zM5.5 12c0-.4 0-.9.1-1.3l-1.5-.3c0 .5-.1 1.1-.1 1.6s.1 1.1.2 1.6l1.5-.3c-.2-.4-.2-.9-.2-1.3zm11.9-3.6 1.2-.8c-.6-.9-1.3-1.6-2.2-2.2l-.8 1.2c.7.5 1.3 1.1 1.8 1.8zM5.3 7.6l1.2.8c.5-.7 1.1-1.3 1.8-1.8l-.7-1.3c-.9.6-1.7 1.4-2.3 2.3zm14.5 2.8-1.5.3c.1.4.1.8.1 1.3s0 .9-.1 1.3l1.5.3c.1-.5.2-1 .2-1.6s-.1-1.1-.2-1.6zM12 18.5c-.4 0-.9 0-1.3-.1l-.3 1.5c.5.1 1 .2 1.6.2s1.1-.1 1.6-.2l-.3-1.5c-.4.1-.9.1-1.3.1zm3.6-1.1.8 1.2c.9-.6 1.6-1.3 2.2-2.2l-1.2-.8c-.5.7-1.1 1.3-1.8 1.8zM10.4 4.2l.3 1.5c.4-.1.8-.1 1.3-.1s.9 0 1.3.1l.3-1.5c-.5-.1-1.1-.2-1.6-.2s-1.1.1-1.6.2z\"><\/path><\/svg><\/div><\/div>\n<\/div>\n\n\n\n<div class=\"wp-block-column is-vertically-aligned-center is-layout-flow wp-block-column-is-layout-flow\" style=\"flex-basis:20%\">\n<div class=\"wp-block-outermost-icon-block aligncenter items-justified-center\"><div class=\"icon-container\" style=\"width:105px;transform:rotate(0deg) scaleX(1) scaleY(1)\"><svg viewBox=\"0 0 24 24\" xmlns=\"http:\/\/www.w3.org\/2000\/svg\" aria-hidden=\"true\"><path d=\"m6.6 15.6-1.2.8c.6.9 1.3 1.6 2.2 2.2l.8-1.2c-.7-.5-1.3-1.1-1.8-1.8zM5.5 12c0-.4 0-.9.1-1.3l-1.5-.3c0 .5-.1 1.1-.1 1.6s.1 1.1.2 1.6l1.5-.3c-.2-.4-.2-.9-.2-1.3zm11.9-3.6 1.2-.8c-.6-.9-1.3-1.6-2.2-2.2l-.8 1.2c.7.5 1.3 1.1 1.8 1.8zM5.3 7.6l1.2.8c.5-.7 1.1-1.3 1.8-1.8l-.7-1.3c-.9.6-1.7 1.4-2.3 2.3zm14.5 2.8-1.5.3c.1.4.1.8.1 1.3s0 .9-.1 1.3l1.5.3c.1-.5.2-1 .2-1.6s-.1-1.1-.2-1.6zM12 18.5c-.4 0-.9 0-1.3-.1l-.3 1.5c.5.1 1 .2 1.6.2s1.1-.1 1.6-.2l-.3-1.5c-.4.1-.9.1-1.3.1zm3.6-1.1.8 1.2c.9-.6 1.6-1.3 2.2-2.2l-1.2-.8c-.5.7-1.1 1.3-1.8 1.8zM10.4 4.2l.3 1.5c.4-.1.8-.1 1.3-.1s.9 0 1.3.1l.3-1.5c-.5-.1-1.1-.2-1.6-.2s-1.1.1-1.6.2z\"><\/path><\/svg><\/div><\/div>\n<\/div>\n\n\n\n<div class=\"wp-block-column is-vertically-aligned-center is-layout-flow wp-block-column-is-layout-flow\" style=\"flex-basis:20%\">\n<div class=\"wp-block-outermost-icon-block aligncenter items-justified-center\"><div class=\"icon-container\" style=\"width:105px;transform:rotate(0deg) scaleX(1) scaleY(1)\"><svg viewBox=\"0 0 24 24\" xmlns=\"http:\/\/www.w3.org\/2000\/svg\" aria-hidden=\"true\"><path d=\"m6.6 15.6-1.2.8c.6.9 1.3 1.6 2.2 2.2l.8-1.2c-.7-.5-1.3-1.1-1.8-1.8zM5.5 12c0-.4 0-.9.1-1.3l-1.5-.3c0 .5-.1 1.1-.1 1.6s.1 1.1.2 1.6l1.5-.3c-.2-.4-.2-.9-.2-1.3zm11.9-3.6 1.2-.8c-.6-.9-1.3-1.6-2.2-2.2l-.8 1.2c.7.5 1.3 1.1 1.8 1.8zM5.3 7.6l1.2.8c.5-.7 1.1-1.3 1.8-1.8l-.7-1.3c-.9.6-1.7 1.4-2.3 2.3zm14.5 2.8-1.5.3c.1.4.1.8.1 1.3s0 .9-.1 1.3l1.5.3c.1-.5.2-1 .2-1.6s-.1-1.1-.2-1.6zM12 18.5c-.4 0-.9 0-1.3-.1l-.3 1.5c.5.1 1 .2 1.6.2s1.1-.1 1.6-.2l-.3-1.5c-.4.1-.9.1-1.3.1zm3.6-1.1.8 1.2c.9-.6 1.6-1.3 2.2-2.2l-1.2-.8c-.5.7-1.1 1.3-1.8 1.8zM10.4 4.2l.3 1.5c.4-.1.8-.1 1.3-.1s.9 0 1.3.1l.3-1.5c-.5-.1-1.1-.2-1.6-.2s-1.1.1-1.6.2z\"><\/path><\/svg><\/div><\/div>\n<\/div>\n\n\n\n<div class=\"wp-block-column is-vertically-aligned-center is-layout-flow wp-block-column-is-layout-flow\" style=\"flex-basis:20%\">\n<div class=\"wp-block-outermost-icon-block items-justified-center\"><div class=\"icon-container\" style=\"width:105px;transform:rotate(0deg) scaleX(1) scaleY(1)\"><svg viewBox=\"0 0 24 24\" xmlns=\"http:\/\/www.w3.org\/2000\/svg\" aria-hidden=\"true\"><path d=\"m6.6 15.6-1.2.8c.6.9 1.3 1.6 2.2 2.2l.8-1.2c-.7-.5-1.3-1.1-1.8-1.8zM5.5 12c0-.4 0-.9.1-1.3l-1.5-.3c0 .5-.1 1.1-.1 1.6s.1 1.1.2 1.6l1.5-.3c-.2-.4-.2-.9-.2-1.3zm11.9-3.6 1.2-.8c-.6-.9-1.3-1.6-2.2-2.2l-.8 1.2c.7.5 1.3 1.1 1.8 1.8zM5.3 7.6l1.2.8c.5-.7 1.1-1.3 1.8-1.8l-.7-1.3c-.9.6-1.7 1.4-2.3 2.3zm14.5 2.8-1.5.3c.1.4.1.8.1 1.3s0 .9-.1 1.3l1.5.3c.1-.5.2-1 .2-1.6s-.1-1.1-.2-1.6zM12 18.5c-.4 0-.9 0-1.3-.1l-.3 1.5c.5.1 1 .2 1.6.2s1.1-.1 1.6-.2l-.3-1.5c-.4.1-.9.1-1.3.1zm3.6-1.1.8 1.2c.9-.6 1.6-1.3 2.2-2.2l-1.2-.8c-.5.7-1.1 1.3-1.8 1.8zM10.4 4.2l.3 1.5c.4-.1.8-.1 1.3-.1s.9 0 1.3.1l.3-1.5c-.5-.1-1.1-.2-1.6-.2s-1.1.1-1.6.2z\"><\/path><\/svg><\/div><\/div>\n<\/div>\n\n\n\n<div class=\"wp-block-column is-vertically-aligned-center is-layout-flow wp-block-column-is-layout-flow\" style=\"flex-basis:20%\">\n<div class=\"wp-block-outermost-icon-block items-justified-center\"><div class=\"icon-container\" style=\"width:105px;transform:rotate(0deg) scaleX(1) scaleY(1)\"><svg viewBox=\"0 0 24 24\" xmlns=\"http:\/\/www.w3.org\/2000\/svg\" aria-hidden=\"true\"><path d=\"m6.6 15.6-1.2.8c.6.9 1.3 1.6 2.2 2.2l.8-1.2c-.7-.5-1.3-1.1-1.8-1.8zM5.5 12c0-.4 0-.9.1-1.3l-1.5-.3c0 .5-.1 1.1-.1 1.6s.1 1.1.2 1.6l1.5-.3c-.2-.4-.2-.9-.2-1.3zm11.9-3.6 1.2-.8c-.6-.9-1.3-1.6-2.2-2.2l-.8 1.2c.7.5 1.3 1.1 1.8 1.8zM5.3 7.6l1.2.8c.5-.7 1.1-1.3 1.8-1.8l-.7-1.3c-.9.6-1.7 1.4-2.3 2.3zm14.5 2.8-1.5.3c.1.4.1.8.1 1.3s0 .9-.1 1.3l1.5.3c.1-.5.2-1 .2-1.6s-.1-1.1-.2-1.6zM12 18.5c-.4 0-.9 0-1.3-.1l-.3 1.5c.5.1 1 .2 1.6.2s1.1-.1 1.6-.2l-.3-1.5c-.4.1-.9.1-1.3.1zm3.6-1.1.8 1.2c.9-.6 1.6-1.3 2.2-2.2l-1.2-.8c-.5.7-1.1 1.3-1.8 1.8zM10.4 4.2l.3 1.5c.4-.1.8-.1 1.3-.1s.9 0 1.3.1l.3-1.5c-.5-.1-1.1-.2-1.6-.2s-1.1.1-1.6.2z\"><\/path><\/svg><\/div><\/div>\n<\/div>\n<\/div>\n<\/div>\n<\/div>\n\n\n\n<div id=\"team\" class=\"wp-block-group has-global-padding is-layout-constrained wp-block-group-is-layout-constrained\"><\/div>\n","protected":false},"excerpt":{"rendered":"<p>Hjertestartere t\u00e6ttere p\u00e5 borgerne Hjertestop sker sj\u00e6ldent \u201cdet rigtige sted\u201d. Derfor giver det mening at t\u00e6nke mobilt. Med en hjertestarter i hjemmeplejens biler udvider kommunen sin d\u00e6kning i hele lokalomr\u00e5det \u2013 ogs\u00e5 i villakvarterer, landzoner og steder uden fast opsat udstyr. AFK Group hj\u00e6lper med en komplet l\u00f8sning: r\u00e5dgivning, levering, montering, skiltning og en driftspakke, &hellip; <\/p>\n<p class=\"link-more\"><a href=\"https:\/\/afkgroup.dk\/\" class=\"more-link\">L\u00e6s mere<span class=\"screen-reader-text\"> \u201cHomepage\u201d<\/span><\/a><\/p>\n","protected":false},"author":1,"featured_media":0,"parent":0,"menu_order":0,"comment_status":"closed","ping_status":"closed","template":"page-templates\/homepage-builder-bb.php","meta":{"footnotes":""},"class_list":["post-24","page","type-page","status-publish","hentry"],"_links":{"self":[{"href":"https:\/\/afkgroup.dk\/index.php\/wp-json\/wp\/v2\/pages\/24","targetHints":{"allow":["GET"]}}],"collection":[{"href":"https:\/\/afkgroup.dk\/index.php\/wp-json\/wp\/v2\/pages"}],"about":[{"href":"https:\/\/afkgroup.dk\/index.php\/wp-json\/wp\/v2\/types\/page"}],"author":[{"embeddable":true,"href":"https:\/\/afkgroup.dk\/index.php\/wp-json\/wp\/v2\/users\/1"}],"replies":[{"embeddable":true,"href":"https:\/\/afkgroup.dk\/index.php\/wp-json\/wp\/v2\/comments?post=24"}],"version-history":[{"count":13,"href":"https:\/\/afkgroup.dk\/index.php\/wp-json\/wp\/v2\/pages\/24\/revisions"}],"predecessor-version":[{"id":123,"href":"https:\/\/afkgroup.dk\/index.php\/wp-json\/wp\/v2\/pages\/24\/revisions\/123"}],"wp:attachment":[{"href":"https:\/\/afkgroup.dk\/index.php\/wp-json\/wp\/v2\/media?parent=24"}],"curies":[{"name":"wp","href":"https:\/\/api.w.org\/{rel}","templated":true}]}}